{"id":17060,"date":"2023-08-21T14:21:58","date_gmt":"2023-08-21T18:21:58","guid":{"rendered":"https:\/\/lajoieenrose.ca\/my-account\/"},"modified":"2023-08-22T16:25:09","modified_gmt":"2023-08-22T20:25:09","slug":"my-account","status":"publish","type":"page","link":"https:\/\/lajoieenrose.ca\/en\/my-account\/","title":{"rendered":"My Account"},"content":{"rendered":"\t\t<div data-elementor-type=\"wp-page\" data-elementor-id=\"17060\" class=\"elementor elementor-17060 elementor-766\" data-elementor-post-type=\"page\">\n\t\t\t\t\t\t<section class=\"elementor-section elementor-top-section elementor-element elementor-element-3cd3ae68 ph pv100 elementor-section-boxed elementor-section-height-default elementor-section-height-default\" data-id=\"3cd3ae68\" data-element_type=\"section\" data-e-type=\"section\" data-settings=\"{&quot;jet_parallax_layout_list&quot;:[]}\">\n\t\t\t\t\t\t<div class=\"elementor-container elementor-column-gap-default\">\n\t\t\t\t\t<div class=\"elementor-column elementor-col-100 elementor-top-column elementor-element elementor-element-1ab1d3c7\" data-id=\"1ab1d3c7\" data-element_type=\"column\" data-e-type=\"column\">\n\t\t\t<div class=\"elementor-widget-wrap elementor-element-populated\">\n\t\t\t\t\t\t<div class=\"elementor-element elementor-element-36fed365 my-account-custom elementor-widget elementor-widget-text-editor\" data-id=\"36fed365\" data-element_type=\"widget\" data-e-type=\"widget\" data-widget_type=\"text-editor.default\">\n\t\t\t\t<div class=\"elementor-widget-container\">\n\t\t\t\t\t\t\t\t\t<div class=\"woocommerce\"><div class=\"woocommerce-notices-wrapper\"><\/div>\n\n<div class=\"u-columns col2-set\" id=\"customer_login\">\n\n\t<div class=\"u-column1 col-1\">\n\n\n\t\t<h2>Login<\/h2>\n\n\t\t<form class=\"woocommerce-form woocommerce-form-login login\" method=\"post\" novalidate>\n\n\t\t\t\n\t\t\t<p class=\"woocommerce-form-row woocommerce-form-row--wide form-row form-row-wide\">\n\t\t\t\t<label for=\"username\">Username or email address&nbsp;<span class=\"required\" aria-hidden=\"true\">*<\/span><span class=\"screen-reader-text\">Required<\/span><\/label>\n\t\t\t\t<input type=\"text\" class=\"woocommerce-Input woocommerce-Input--text input-text\" name=\"username\" id=\"username\" autocomplete=\"username\" value=\"\" required aria-required=\"true\" \/>\t\t\t<\/p>\n\t\t\t<p class=\"woocommerce-form-row woocommerce-form-row--wide form-row form-row-wide\">\n\t\t\t\t<label for=\"password\">Password&nbsp;<span class=\"required\" aria-hidden=\"true\">*<\/span><span class=\"screen-reader-text\">Required<\/span><\/label>\n\t\t\t\t<input class=\"woocommerce-Input woocommerce-Input--text input-text\" type=\"password\" name=\"password\" id=\"password\" autocomplete=\"current-password\" required aria-required=\"true\" \/>\n\t\t\t<\/p>\n\n\t\t\t\n\t\t\t<p class=\"form-row\">\n\t\t\t\t<label class=\"woocommerce-form__label woocommerce-form__label-for-checkbox woocommerce-form-login__rememberme\">\n\t\t\t\t\t<input class=\"woocommerce-form__input woocommerce-form__input-checkbox\" name=\"rememberme\" type=\"checkbox\" id=\"rememberme\" value=\"forever\" \/> <span>Remember me<\/span>\n\t\t\t\t<\/label>\n\t\t\t\t<input type=\"hidden\" id=\"woocommerce-login-nonce\" name=\"woocommerce-login-nonce\" value=\"bac7c7215a\" \/><input type=\"hidden\" name=\"_wp_http_referer\" value=\"\/en\/wp-json\/wp\/v2\/pages\/17060\" \/>\t\t\t\t<button type=\"submit\" class=\"woocommerce-button button woocommerce-form-login__submit\" name=\"login\" value=\"Log in\">Log in<\/button>\n\t\t\t<\/p>\n\t\t\t<p class=\"woocommerce-LostPassword lost_password\">\n\t\t\t\t<a href=\"https:\/\/lajoieenrose.ca\/en\/my-account\/lost-password\/\">Lost your password?<\/a>\n\t\t\t<\/p>\n\n\t\t\t\n\t\t<\/form>\n\n\n\t<\/div>\n\n\t<div class=\"u-column2 col-2\">\n\n\t\t<h2>Register<\/h2>\n\n\t\t<form method=\"post\" class=\"woocommerce-form woocommerce-form-register register\"  >\n\n\t\t\t\n\t\t\t\n\t\t\t<p class=\"woocommerce-form-row woocommerce-form-row--wide form-row form-row-wide\">\n\t\t\t\t<label for=\"reg_email\">Email address&nbsp;<span class=\"required\" aria-hidden=\"true\">*<\/span><span class=\"screen-reader-text\">Required<\/span><\/label>\n\t\t\t\t<input type=\"email\" class=\"woocommerce-Input woocommerce-Input--text input-text\" name=\"email\" id=\"reg_email\" autocomplete=\"email\" value=\"\" required aria-required=\"true\" \/>\t\t\t<\/p>\n\n\t\t\t\n\t\t\t\t<p class=\"woocommerce-form-row woocommerce-form-row--wide form-row form-row-wide\">\n\t\t\t\t\t<label for=\"reg_password\">Password&nbsp;<span class=\"required\" aria-hidden=\"true\">*<\/span><span class=\"screen-reader-text\">Required<\/span><\/label>\n\t\t\t\t\t<input type=\"password\" class=\"woocommerce-Input woocommerce-Input--text input-text\" name=\"password\" id=\"reg_password\" autocomplete=\"new-password\" required aria-required=\"true\" \/>\n\t\t\t\t<\/p>\n\n\t\t\t\n\t\t\t<wc-order-attribution-inputs><\/wc-order-attribution-inputs><div class=\"woocommerce-privacy-policy-text\"><p>Vos donn\u00e9es personnelles seront utilis\u00e9es pour vous accompagner au cours de votre visite du site web, g\u00e9rer l\u2019acc\u00e8s \u00e0 votre compte, et pour d\u2019autres raisons d\u00e9crites dans notre <a href=\"https:\/\/lajoieenrose.ca\/politique-de-confidentialite\/\" class=\"woocommerce-privacy-policy-link\" target=\"_blank\">privacy policy<\/a>.<\/p>\n<\/div>\n\t\t\t<p class=\"woocommerce-form-row form-row\">\n\t\t\t\t<input type=\"hidden\" id=\"woocommerce-register-nonce\" name=\"woocommerce-register-nonce\" value=\"ffefd3a0f9\" \/><input type=\"hidden\" name=\"_wp_http_referer\" value=\"\/en\/wp-json\/wp\/v2\/pages\/17060\" \/>\t\t\t\t<button type=\"submit\" class=\"woocommerce-Button woocommerce-button button woocommerce-form-register__submit\" name=\"register\" value=\"Register\">Register<\/button>\n\t\t\t<\/p>\n\n\t\t\t\n\t\t<\/form>\n\n\t<\/div>\n\n<\/div>\n\n<\/div>\t\t\t\t\t\t\t\t<\/div>\n\t\t\t\t<\/div>\n\t\t\t\t<div class=\"elementor-element elementor-element-13edcf6 elementor-widget-divider--view-line elementor-widget elementor-widget-divider\" data-id=\"13edcf6\" data-element_type=\"widget\" data-e-type=\"widget\" data-widget_type=\"divider.default\">\n\t\t\t\t<div class=\"elementor-widget-container\">\n\t\t\t\t\t\t\t<div class=\"elementor-divider\">\n\t\t\t<span class=\"elementor-divider-separator\">\n\t\t\t\t\t\t<\/span>\n\t\t<\/div>\n\t\t\t\t\t\t<\/div>\n\t\t\t\t<\/div>\n\t\t\t\t<div class=\"elementor-element elementor-element-b4cb2f0 elementor-widget elementor-widget-yith_wcwl_wishlist\" data-id=\"b4cb2f0\" data-element_type=\"widget\" data-e-type=\"widget\" data-widget_type=\"yith_wcwl_wishlist.default\">\n\t\t\t\t<div class=\"elementor-widget-container\">\n\t\t\t\t\t\n\n\n\n<form\n\tid=\"yith-wcwl-form\"\n\taction=\"https:\/\/lajoieenrose.ca\/en\/wishlist\/\"\n\tmethod=\"post\"\n\tclass=\"woocommerce yith-wcwl-form wishlist-fragment\"\n\tdata-fragment-options=\"{&quot;per_page&quot;:5,&quot;current_page&quot;:1,&quot;pagination&quot;:&quot;no&quot;,&quot;wishlist_id&quot;:false,&quot;action_params&quot;:false,&quot;no_interactions&quot;:false,&quot;layout&quot;:&quot;&quot;,&quot;wishlist&quot;:false,&quot;is_default&quot;:true,&quot;is_custom_list&quot;:false,&quot;wishlist_token&quot;:&quot;&quot;,&quot;is_private&quot;:false,&quot;count&quot;:0,&quot;page_title&quot;:&quot;Ma liste de souhait&quot;,&quot;default_wishlsit_title&quot;:&quot;Ma liste de souhait&quot;,&quot;page_links&quot;:false,&quot;is_user_logged_in&quot;:false,&quot;is_user_owner&quot;:true,&quot;can_user_edit_title&quot;:false,&quot;show_price&quot;:true,&quot;show_dateadded&quot;:false,&quot;show_stock_status&quot;:true,&quot;show_add_to_cart&quot;:true,&quot;show_remove_product&quot;:true,&quot;add_to_cart_text&quot;:&quot;Ajouter au panier&quot;,&quot;show_ask_estimate_button&quot;:false,&quot;ask_estimate_url&quot;:&quot;&quot;,&quot;price_excl_tax&quot;:true,&quot;show_cb&quot;:false,&quot;show_quantity&quot;:false,&quot;show_variation&quot;:false,&quot;show_price_variations&quot;:false,&quot;show_update&quot;:false,&quot;enable_drag_n_drop&quot;:false,&quot;enable_add_all_to_cart&quot;:false,&quot;move_to_another_wishlist&quot;:false,&quot;repeat_remove_button&quot;:false,&quot;show_last_column&quot;:true,&quot;heading_icon&quot;:&quot;&lt;i class=\\&quot;fa heart-outline\\&quot;&gt;&lt;\\\/i&gt;&quot;,&quot;share_enabled&quot;:false,&quot;template_part&quot;:&quot;view&quot;,&quot;additional_info&quot;:false,&quot;available_multi_wishlist&quot;:false,&quot;form_action&quot;:&quot;https:\\\/\\\/lajoieenrose.ca\\\/en\\\/wishlist\\\/&quot;,&quot;item&quot;:&quot;wishlist&quot;}\"\n>\n\n\t<!-- TITLE -->\n\t\t\t<div class=\"wishlist-title-container\">\n\t\t\t<div class=\"wishlist-title \">\n\t\t\t\t<h2>Ma liste de souhait<\/h2>\t\t\t\t\t\t\t<\/div>\n\t\t\t\t\t<\/div>\n\t\n\n<!-- WISHLIST TABLE -->\n<table\n\tclass=\"shop_table cart wishlist_table wishlist_view traditional responsive   \"\n\tdata-pagination=\"no\" data-per-page=\"5\" data-page=\"1\"\n\tdata-id=\"\" data-token=\"\">\n\n\t\n\t<thead>\n\t<tr>\n\t\t\n\t\t\t\t\t\t\t\t<th class=\"product-remove\">\n\t\t\t\t<span class=\"nobr\">\n\t\t\t\t\t\t\t\t\t<\/span>\n\t\t\t<\/th>\n\t\t\n\t\t<th class=\"product-thumbnail\"><\/th>\n\n\t\t<th class=\"product-name\">\n\t\t\t<span class=\"nobr\">\n\t\t\t\tProduct name\t\t\t<\/span>\n\t\t<\/th>\n\n\t\t\t\t\t\t\t\t<th class=\"product-price\">\n\t\t\t\t<span class=\"nobr\">\n\t\t\t\t\tUnit price\t\t\t\t<\/span>\n\t\t\t<\/th>\n\t\t\n\t\t\n\t\t\t\t\t\t\t\t<th class=\"product-stock-status\">\n\t\t\t\t<span class=\"nobr\">\n\t\t\t\t\tStock status\t\t\t\t<\/span>\n\t\t\t<\/th>\n\t\t\n\t\t\t\t\t\t\t\t<th class=\"product-add-to-cart\">\n\t\t\t\t<span class=\"nobr\">\n\t\t\t\t\t\t\t\t\t<\/span>\n\t\t\t<\/th>\n\t\t\n\t\t\t<\/tr>\n\t<\/thead>\n\n\t<tbody class=\"wishlist-items-wrapper\">\n\t\t\t<tr>\n\t\t\t\t\t\t<td colspan=\"6\" class=\"wishlist-empty\">No products added to the wishlist<\/td>\n\t\t<\/tr>\n\t\t\t<\/tbody>\n\n<\/table>\n\n<div class=\"yith_wcwl_wishlist_footer\">\n\t\n\n\t\n\n\t\n\t<\/div>\n\n<input type=\"hidden\" id=\"yith_wcwl_edit_wishlist\" name=\"yith_wcwl_edit_wishlist\" value=\"5381ecc4fc\" \/><input type=\"hidden\" name=\"_wp_http_referer\" value=\"\/en\/wp-json\/wp\/v2\/pages\/17060\" \/><input type=\"hidden\" value=\"\" name=\"wishlist_id\" id=\"wishlist_id\">\n\n\n<\/form>\n\n\n\n\t\t\t\t<\/div>\n\t\t\t\t<\/div>\n\t\t\t\t\t<\/div>\n\t\t<\/div>\n\t\t\t\t\t<\/div>\n\t\t<\/section>\n\t\t\t\t<\/div>\n\t\t","protected":false},"excerpt":{"rendered":"<p>My wishlist Edit title Product name Unit price Stock status &times; Crown Breast Milk Oval Ring &#036;354.99 In Stock Ajouter au panier &times; Crown Breast Milk Oval Ring &#036;254.99 &ndash; &#036;989.99 In Stock &times; Breast Milk Round Infinity Ring &#036;234.99 &ndash; &#036;774.99 In Stock Share on:<\/p>\n","protected":false},"author":1,"featured_media":0,"parent":0,"menu_order":0,"comment_status":"closed","ping_status":"closed","template":"","meta":{"_acf_changed":false,"footnotes":""},"class_list":["post-17060","page","type-page","status-publish","hentry"],"acf":[],"yoast_head":"<!-- This site is optimized with the Yoast SEO plugin v26.9 - https:\/\/yoast.com\/product\/yoast-seo-wordpress\/ -->\n<title>My Account | La Joie en Rose, Children&#039;s Jewelry &amp; Accessories - Karine Lajoie<\/title>\n<meta name=\"description\" content=\"My Account | La Joie En Rose, by Karine Lajoie, jewelry and accessories made from breast milk and food-grade silicone for babies and moms.\" \/>\n<meta name=\"robots\" content=\"index, follow, max-snippet:-1, max-image-preview:large, max-video-preview:-1\" \/>\n<link rel=\"canonical\" href=\"https:\/\/lajoieenrose.ca\/en\/my-account\/\" \/>\n<meta property=\"og:locale\" content=\"en_US\" \/>\n<meta property=\"og:type\" content=\"article\" \/>\n<meta property=\"og:title\" content=\"My Account | La Joie en Rose, Children&#039;s Jewelry &amp; Accessories - Karine Lajoie\" \/>\n<meta property=\"og:description\" content=\"My Account | La Joie En Rose, by Karine Lajoie, jewelry and accessories made from breast milk and food-grade silicone for babies and moms.\" \/>\n<meta property=\"og:url\" content=\"https:\/\/lajoieenrose.ca\/en\/my-account\/\" \/>\n<meta property=\"og:site_name\" content=\"La Joie En Rose\" \/>\n<meta property=\"article:modified_time\" content=\"2023-08-22T20:25:09+00:00\" \/>\n<meta property=\"og:image\" content=\"https:\/\/lajoieenrose.ca\/wp-content\/uploads\/2023\/07\/La-Joie-En-Rose-Fev-2019-24-600x470-1-300x300.jpg\" \/>\n<meta name=\"twitter:card\" content=\"summary_large_image\" \/>\n<meta name=\"twitter:label1\" content=\"Est. reading time\" \/>\n\t<meta name=\"twitter:data1\" content=\"1 minute\" \/>\n<script type=\"application\/ld+json\" class=\"yoast-schema-graph\">{\"@context\":\"https:\/\/schema.org\",\"@graph\":[{\"@type\":\"WebPage\",\"@id\":\"https:\/\/lajoieenrose.ca\/en\/my-account\/\",\"url\":\"https:\/\/lajoieenrose.ca\/en\/my-account\/\",\"name\":\"My Account | La Joie en Rose, Children's Jewelry & Accessories - Karine Lajoie\",\"isPartOf\":{\"@id\":\"https:\/\/lajoieenrose.ca\/en\/#website\"},\"primaryImageOfPage\":{\"@id\":\"https:\/\/lajoieenrose.ca\/en\/my-account\/#primaryimage\"},\"image\":{\"@id\":\"https:\/\/lajoieenrose.ca\/en\/my-account\/#primaryimage\"},\"thumbnailUrl\":\"https:\/\/lajoieenrose.ca\/wp-content\/uploads\/2023\/07\/La-Joie-En-Rose-Fev-2019-24-600x470-1-300x300.jpg\",\"datePublished\":\"2023-08-21T18:21:58+00:00\",\"dateModified\":\"2023-08-22T20:25:09+00:00\",\"description\":\"My Account | La Joie En Rose, by Karine Lajoie, jewelry and accessories made from breast milk and food-grade silicone for babies and moms.\",\"breadcrumb\":{\"@id\":\"https:\/\/lajoieenrose.ca\/en\/my-account\/#breadcrumb\"},\"inLanguage\":\"en-CA\",\"potentialAction\":[{\"@type\":\"ReadAction\",\"target\":[\"https:\/\/lajoieenrose.ca\/en\/my-account\/\"]}]},{\"@type\":\"ImageObject\",\"inLanguage\":\"en-CA\",\"@id\":\"https:\/\/lajoieenrose.ca\/en\/my-account\/#primaryimage\",\"url\":\"https:\/\/lajoieenrose.ca\/wp-content\/uploads\/2023\/07\/La-Joie-En-Rose-Fev-2019-24-600x470-1-300x300.jpg\",\"contentUrl\":\"https:\/\/lajoieenrose.ca\/wp-content\/uploads\/2023\/07\/La-Joie-En-Rose-Fev-2019-24-600x470-1-300x300.jpg\"},{\"@type\":\"BreadcrumbList\",\"@id\":\"https:\/\/lajoieenrose.ca\/en\/my-account\/#breadcrumb\",\"itemListElement\":[{\"@type\":\"ListItem\",\"position\":1,\"name\":\"Home\",\"item\":\"https:\/\/lajoieenrose.ca\/en\/\"},{\"@type\":\"ListItem\",\"position\":2,\"name\":\"My Account\"}]},{\"@type\":\"WebSite\",\"@id\":\"https:\/\/lajoieenrose.ca\/en\/#website\",\"url\":\"https:\/\/lajoieenrose.ca\/en\/\",\"name\":\"La Joie En Rose\",\"description\":\"\",\"publisher\":{\"@id\":\"https:\/\/lajoieenrose.ca\/en\/#organization\"},\"potentialAction\":[{\"@type\":\"SearchAction\",\"target\":{\"@type\":\"EntryPoint\",\"urlTemplate\":\"https:\/\/lajoieenrose.ca\/en\/?s={search_term_string}\"},\"query-input\":{\"@type\":\"PropertyValueSpecification\",\"valueRequired\":true,\"valueName\":\"search_term_string\"}}],\"inLanguage\":\"en-CA\"},{\"@type\":\"Organization\",\"@id\":\"https:\/\/lajoieenrose.ca\/en\/#organization\",\"name\":\"La Joie en Rose\",\"url\":\"https:\/\/lajoieenrose.ca\/en\/\",\"logo\":{\"@type\":\"ImageObject\",\"inLanguage\":\"en-CA\",\"@id\":\"https:\/\/lajoieenrose.ca\/en\/#\/schema\/logo\/image\/\",\"url\":\"https:\/\/lajoieenrose.ca\/wp-content\/uploads\/2020\/05\/150502-Karinelajoie-1.png\",\"contentUrl\":\"https:\/\/lajoieenrose.ca\/wp-content\/uploads\/2020\/05\/150502-Karinelajoie-1.png\",\"width\":500,\"height\":471,\"caption\":\"La Joie en Rose\"},\"image\":{\"@id\":\"https:\/\/lajoieenrose.ca\/en\/#\/schema\/logo\/image\/\"}}]}<\/script>\n<!-- \/ Yoast SEO plugin. -->","yoast_head_json":{"title":"My Account | La Joie en Rose, Children's Jewelry & Accessories - Karine Lajoie","description":"My Account | La Joie En Rose, by Karine Lajoie, jewelry and accessories made from breast milk and food-grade silicone for babies and moms.","robots":{"index":"index","follow":"follow","max-snippet":"max-snippet:-1","max-image-preview":"max-image-preview:large","max-video-preview":"max-video-preview:-1"},"canonical":"https:\/\/lajoieenrose.ca\/en\/my-account\/","og_locale":"en_US","og_type":"article","og_title":"My Account | La Joie en Rose, Children's Jewelry & Accessories - Karine Lajoie","og_description":"My Account | La Joie En Rose, by Karine Lajoie, jewelry and accessories made from breast milk and food-grade silicone for babies and moms.","og_url":"https:\/\/lajoieenrose.ca\/en\/my-account\/","og_site_name":"La Joie En Rose","article_modified_time":"2023-08-22T20:25:09+00:00","og_image":[{"url":"https:\/\/lajoieenrose.ca\/wp-content\/uploads\/2023\/07\/La-Joie-En-Rose-Fev-2019-24-600x470-1-300x300.jpg","type":"","width":"","height":""}],"twitter_card":"summary_large_image","twitter_misc":{"Est. reading time":"1 minute"},"schema":{"@context":"https:\/\/schema.org","@graph":[{"@type":"WebPage","@id":"https:\/\/lajoieenrose.ca\/en\/my-account\/","url":"https:\/\/lajoieenrose.ca\/en\/my-account\/","name":"My Account | La Joie en Rose, Children's Jewelry & Accessories - Karine Lajoie","isPartOf":{"@id":"https:\/\/lajoieenrose.ca\/en\/#website"},"primaryImageOfPage":{"@id":"https:\/\/lajoieenrose.ca\/en\/my-account\/#primaryimage"},"image":{"@id":"https:\/\/lajoieenrose.ca\/en\/my-account\/#primaryimage"},"thumbnailUrl":"https:\/\/lajoieenrose.ca\/wp-content\/uploads\/2023\/07\/La-Joie-En-Rose-Fev-2019-24-600x470-1-300x300.jpg","datePublished":"2023-08-21T18:21:58+00:00","dateModified":"2023-08-22T20:25:09+00:00","description":"My Account | La Joie En Rose, by Karine Lajoie, jewelry and accessories made from breast milk and food-grade silicone for babies and moms.","breadcrumb":{"@id":"https:\/\/lajoieenrose.ca\/en\/my-account\/#breadcrumb"},"inLanguage":"en-CA","potentialAction":[{"@type":"ReadAction","target":["https:\/\/lajoieenrose.ca\/en\/my-account\/"]}]},{"@type":"ImageObject","inLanguage":"en-CA","@id":"https:\/\/lajoieenrose.ca\/en\/my-account\/#primaryimage","url":"https:\/\/lajoieenrose.ca\/wp-content\/uploads\/2023\/07\/La-Joie-En-Rose-Fev-2019-24-600x470-1-300x300.jpg","contentUrl":"https:\/\/lajoieenrose.ca\/wp-content\/uploads\/2023\/07\/La-Joie-En-Rose-Fev-2019-24-600x470-1-300x300.jpg"},{"@type":"BreadcrumbList","@id":"https:\/\/lajoieenrose.ca\/en\/my-account\/#breadcrumb","itemListElement":[{"@type":"ListItem","position":1,"name":"Home","item":"https:\/\/lajoieenrose.ca\/en\/"},{"@type":"ListItem","position":2,"name":"My Account"}]},{"@type":"WebSite","@id":"https:\/\/lajoieenrose.ca\/en\/#website","url":"https:\/\/lajoieenrose.ca\/en\/","name":"La Joie En Rose","description":"","publisher":{"@id":"https:\/\/lajoieenrose.ca\/en\/#organization"},"potentialAction":[{"@type":"SearchAction","target":{"@type":"EntryPoint","urlTemplate":"https:\/\/lajoieenrose.ca\/en\/?s={search_term_string}"},"query-input":{"@type":"PropertyValueSpecification","valueRequired":true,"valueName":"search_term_string"}}],"inLanguage":"en-CA"},{"@type":"Organization","@id":"https:\/\/lajoieenrose.ca\/en\/#organization","name":"La Joie en Rose","url":"https:\/\/lajoieenrose.ca\/en\/","logo":{"@type":"ImageObject","inLanguage":"en-CA","@id":"https:\/\/lajoieenrose.ca\/en\/#\/schema\/logo\/image\/","url":"https:\/\/lajoieenrose.ca\/wp-content\/uploads\/2020\/05\/150502-Karinelajoie-1.png","contentUrl":"https:\/\/lajoieenrose.ca\/wp-content\/uploads\/2020\/05\/150502-Karinelajoie-1.png","width":500,"height":471,"caption":"La Joie en Rose"},"image":{"@id":"https:\/\/lajoieenrose.ca\/en\/#\/schema\/logo\/image\/"}}]}},"_links":{"self":[{"href":"https:\/\/lajoieenrose.ca\/en\/wp-json\/wp\/v2\/pages\/17060","targetHints":{"allow":["GET"]}}],"collection":[{"href":"https:\/\/lajoieenrose.ca\/en\/wp-json\/wp\/v2\/pages"}],"about":[{"href":"https:\/\/lajoieenrose.ca\/en\/wp-json\/wp\/v2\/types\/page"}],"author":[{"embeddable":true,"href":"https:\/\/lajoieenrose.ca\/en\/wp-json\/wp\/v2\/users\/1"}],"replies":[{"embeddable":true,"href":"https:\/\/lajoieenrose.ca\/en\/wp-json\/wp\/v2\/comments?post=17060"}],"version-history":[{"count":3,"href":"https:\/\/lajoieenrose.ca\/en\/wp-json\/wp\/v2\/pages\/17060\/revisions"}],"predecessor-version":[{"id":17222,"href":"https:\/\/lajoieenrose.ca\/en\/wp-json\/wp\/v2\/pages\/17060\/revisions\/17222"}],"wp:attachment":[{"href":"https:\/\/lajoieenrose.ca\/en\/wp-json\/wp\/v2\/media?parent=17060"}],"curies":[{"name":"wp","href":"https:\/\/api.w.org\/{rel}","templated":true}]}}